{"id":6088,"date":"2025-08-03T18:16:58","date_gmt":"2025-08-03T16:16:58","guid":{"rendered":"https:\/\/www.jg-media.eu\/?page_id=6088"},"modified":"2026-03-12T17:25:13","modified_gmt":"2026-03-12T16:25:13","slug":"vseobecne-obchodne-podmienky-k-pouzivaniu-shoptet-doplnku-sablona-elevate","status":"publish","type":"page","link":"https:\/\/www.jg-media.eu\/cs\/vseobecne-obchodne-podmienky-k-pouzivaniu-shoptet-doplnku-sablona-elevate\/","title":{"rendered":"V\u0161eobecn\u00e9 obchodn\u00e9 podmienky k&nbsp;pou\u017e\u00edvaniu \u0161abl\u00f3ny Elevate"},"content":{"rendered":"<p class=\"qtranxs-available-languages-message qtranxs-available-languages-message-cs\">Omlouv\u00e1me se, tato polo\u017eka je k dispozici pouze v <a href=\"https:\/\/www.jg-media.eu\/sk\/wp-json\/wp\/v2\/pages\/6088\" class=\"qtranxs-available-language-link qtranxs-available-language-link-sk\" title=\"Sloven\u010dina\">Sloven\u010dina<\/a>.<\/p><div class=\"wp-block-stackable-heading stk-block-heading stk-block-heading--v2 stk-block stk-186e54c\" id=\"vseobecne-obchodne-podmienky-k-pouzivaniu-shoptet-sablony-elevate\" data-block-id=\"186e54c\"><style>.stk-186e54c {margin-bottom:23px !important;}<\/style><h2 class=\"stk-block-heading__text\">V\u0161eobecn\u00e9 obchodn\u00e9 podmienky k&nbsp;pou\u017e\u00edvaniu Shoptet \u0161abl\u00f3ny Elevate<\/h2><\/div>\n\n\n\n<h4 class=\"wp-block-heading\">1.&nbsp;\u00davodn\u00e9 ustanovenia<\/h4>\n\n\n\n<p>Poskytovate\u013eom Shoptet doplnku je:<br><strong>Jakub Gr\u00e1c \u2013 JG-Media.eu<\/strong><br>I\u010cO: 47920793<br>S\u00eddlo: Mieru 19 \/ 19, 044&nbsp;24 Popro\u010d<br>Email: <a>grac.jakub@jg-media.eu<\/a><br>(\u010falej len \u201e<strong>Poskytovate\u013e<\/strong>\u201c)<\/p>\n\n\n\n<p>Defin\u00edcia z\u00e1kladn\u00fdch pojmov:<\/p>\n\n\n\n<p><strong>Doplnok<\/strong> &#8211; rie\u0161enie, prostredn\u00edctvom ktor\u00e9ho je mo\u017en\u00e9 prepoji\u0165 Shoptet s&nbsp;extern\u00fdmi slu\u017ebami.<\/p>\n\n\n\n<p><strong>Produktov\u00e1 str\u00e1nka<\/strong> &#8211; internetov\u00e1 str\u00e1nka Doplnku: SK: <a href=\"https:\/\/doplnky.shoptet.sk\/sablona-elevate\/\">https:\/\/doplnky.shoptet.sk\/sablona-elevate\/<\/a> , CZ: <a href=\"https:\/\/doplnky.shoptet.cz\/sablona-elevate\/\" type=\"link\" id=\"https:\/\/doplnky.shoptet.cz\/sablona-elevate\/\">https:\/\/doplnky.shoptet.cz\/sablona-elevate\/<\/a><\/p>\n\n\n\n<p><strong>Shoptet<\/strong> &#8211; spolo\u010dnos\u0165 Shoptet, a.s., so s\u00eddlom Dvo\u0159eck\u00e9ho 628\/8, B\u0159evnov, 169&nbsp;00 Praha 6, I\u010cO: 28935675, zap\u00edsan\u00e1 v&nbsp;Obchodnom registri Mestsk\u00e9ho s\u00fadu v&nbsp;Prahe pod spisovou zna\u010dkou B 25395.<\/p>\n\n\n\n<p>Tieto v\u0161eobecn\u00e9 obchodn\u00e9 podmienky (\u010falej len \u201eVOP\u201c) upravuj\u00fa zmluvn\u00fd vz\u0165ah medzi Poskytovate\u013eom a&nbsp;Pou\u017e\u00edvate\u013eom, ktor\u00fd si nain\u0161taluje alebo objedn\u00e1 doplnok prostredn\u00edctvom Produktovej str\u00e1nky<\/p>\n\n\n\n<p>Tieto VOP s\u00fa z\u00e1v\u00e4zn\u00e9 pre v\u0161etk\u00fdch Pou\u017e\u00edvate\u013eov \u2013 podnikate\u013eov (B2B) a&nbsp;nie s\u00fa ur\u010den\u00e9 pre spotrebite\u013eov v&nbsp;zmysle Ob\u010dianskeho z\u00e1konn\u00edka.<\/p>\n\n\n\n<h4 class=\"wp-block-heading\">2. Uzatvorenie zmluvy<\/h4>\n\n\n\n<p>Zmluva medzi Poskytovate\u013eom a&nbsp;Pou\u017e\u00edvate\u013eom je uzatvoren\u00e1 okamihom, ke\u010f Pou\u017e\u00edvate\u013e objedn\u00e1 doplnok prostredn\u00edctvom Produktovej str\u00e1nky. T\u00fdmto \u00fakonom vyjadruje Pou\u017e\u00edvate\u013e s\u00fahlas s&nbsp;t\u00fdmito obchodn\u00fdmi podmienkami a&nbsp;potvrdzuje, \u017ee sa s&nbsp;nimi obozn\u00e1mil.<\/p>\n\n\n\n<p>Poplatky za doplnok s\u00fa s\u00fa\u010das\u0165ou faktur\u00e1cie zo strany spolo\u010dnosti Shoptet, a.s. Pou\u017e\u00edvate\u013e s\u00fahlas\u00ed, \u017ee v\u0161etky platby bud\u00fa realizovan\u00e9 prostredn\u00edctvom Shoptetu pod\u013ea jeho platn\u00e9ho cenn\u00edka.<\/p>\n\n\n\n<h4 class=\"wp-block-heading\">3. Reklam\u00e1cie a&nbsp;odst\u00fapenie od zmluvy<\/h4>\n\n\n\n<p>V pr\u00edpade reklam\u00e1cie funk\u010dnosti doplnku je Pou\u017e\u00edvate\u013e povinn\u00fd kontaktova\u0165 Poskytovate\u013ea na&nbsp;email: <a>grac.jakub@jg-media.eu<\/a>. Poskytovate\u013e sa zav\u00e4zuje vybavi\u0165 reklam\u00e1ciu bez zbyto\u010dn\u00e9ho odkladu, najnesk\u00f4r v\u0161ak do 10 pracovn\u00fdch dn\u00ed od jej prijatia, pokia\u013e sa zmluvn\u00e9 strany nedohodn\u00fa inak.<\/p>\n\n\n\n<p>Odst\u00fapenie od zmluvy je mo\u017en\u00e9 zo strany Pou\u017e\u00edvate\u013ea formou odin\u0161talovania doplnku.<\/p>\n\n\n\n<h4 class=\"wp-block-heading\">4. U\u017e\u00edvanie slu\u017eby<\/h4>\n\n\n\n<ul class=\"wp-block-list\">\n<li>Doplnok je prev\u00e1dzkovan\u00fd prostredn\u00edctvom platformy Shoptet.<\/li>\n\n\n\n<li>Poskytovate\u013e t\u00fdmto U\u017e\u00edvate\u013eovi ude\u013euje nev\u00fdhradn\u00fa licenciu (opr\u00e1vnenie) na&nbsp;pou\u017e\u00edvanie Doplnku.<\/li>\n\n\n\n<li>Pou\u017e\u00edvate\u013e sa zav\u00e4zuje nezneu\u017e\u00edva\u0165 funkcie doplnku ani ne\u0161\u00edri\u0165 nepravdiv\u00e9 inform\u00e1cie po\u0161kodzuj\u00face dobr\u00e9 meno Poskytovate\u013ea.<\/li>\n\n\n\n<li>Bez p\u00edsomn\u00e9ho s\u00fahlasu nesmie Pou\u017e\u00edvate\u013e pou\u017e\u00edva\u0165 obchodn\u00e9 ozna\u010denia Poskytovate\u013ea.<\/li>\n\n\n\n<li>V pr\u00edpade poru\u0161enia t\u00fdchto VOP m\u00e1 Poskytovate\u013e pr\u00e1vo obmedzi\u0165 alebo zamedzi\u0165 Pou\u017e\u00edvate\u013eovi pr\u00edstup k&nbsp;doplnku. V&nbsp;takom pr\u00edpade nevznik\u00e1 Pou\u017e\u00edvate\u013eovi n\u00e1rok na&nbsp;vr\u00e1tenie pomernej \u010dasti ceny, pokia\u013e poru\u0161enie z\u00e1sadne ovplyvnilo \u010dinnos\u0165 doplnku alebo d\u00f4veru v&nbsp;Poskytovate\u013ea.<\/li>\n<\/ul>\n\n\n\n<h4 class=\"wp-block-heading\">5. Poskytovanie slu\u017eby a&nbsp;technick\u00e1 podpora<\/h4>\n\n\n\n<ul class=\"wp-block-list\">\n<li>Poskytovate\u013e sa zav\u00e4zuje spr\u00edstupni\u0165 doplnok v&nbsp;rozsahu uhradenej slu\u017eby po\u010das trvania zmluvn\u00e9ho vz\u0165ahu.<\/li>\n\n\n\n<li>Poskytovate\u013e poskytuje technick\u00fa podporu v\u00fdhradne e-mailom na&nbsp;adrese: <a>grac.jakub@jg-media.eu<\/a>. Poskytovate\u013e sa zav\u00e4zuje reagova\u0165 na&nbsp;technick\u00e9 dotazy do 24 hod\u00edn v&nbsp;pracovn\u00fdch d\u0148och prostredn\u00edctvom uveden\u00e9ho komunika\u010dn\u00e9ho kan\u00e1lu.<\/li>\n\n\n\n<li>Poskytovate\u013e si vyhradzuje pr\u00e1vo meni\u0165 VOP, pri\u010dom o&nbsp;zmen\u00e1ch informuje Pou\u017e\u00edvate\u013ea e-mailom alebo prostredn\u00edctvom webov\u00e9ho s\u00eddla. Ak Pou\u017e\u00edvate\u013e do 30&nbsp;dn\u00ed od ozn\u00e1menia zmeny vyjadr\u00ed nes\u00fahlas (napr. odin\u0161talovan\u00edm doplnku), nie je nov\u00fdm podmienkam viazan\u00fd.<\/li>\n<\/ul>\n\n\n\n<h4 class=\"wp-block-heading\">6. Zodpovednos\u0165 a&nbsp;vyl\u00fa\u010denie n\u00e1hrady \u0161kody<\/h4>\n\n\n\n<ul class=\"wp-block-list\">\n<li>Pou\u017e\u00edvate\u013e pou\u017e\u00edva doplnok na&nbsp;vlastn\u00e9 riziko.<\/li>\n\n\n\n<li>Poskytovate\u013e nenesie zodpovednos\u0165 za ak\u00e9ko\u013evek priame \u010di nepriame \u0161kody, u\u0161l\u00fd zisk, stratu d\u00e1t alebo \u010fal\u0161ie ujmy, ktor\u00e9 by mohli vznikn\u00fa\u0165 v&nbsp;s\u00favislosti s&nbsp;pou\u017e\u00edvan\u00edm doplnku.<\/li>\n\n\n\n<li>Poskytovate\u013e sa zav\u00e4zuje vyv\u00edja\u0165 primeran\u00e9 \u00fasilie na&nbsp;zabezpe\u010denie bezchybnej prev\u00e1dzky doplnku.<\/li>\n\n\n\n<li>Poskytovate\u013e nenesie zodpovednos\u0165 za \u0161kody sp\u00f4soben\u00e9 nekompatibilitou doplnku so \u0161pecifick\u00fdmi \u00fapravami e-shopu Pou\u017e\u00edvate\u013ea, z\u00e1sahom tretej strany, v\u00fdpadkom platformy Shoptet, alebo in\u00fdm vonkaj\u0161\u00edm vplyvom mimo kontroly Poskytovate\u013ea.<\/li>\n\n\n\n<li>U\u017e\u00edvate\u013e berie na&nbsp;vedomie, \u017ee Shoptet nezodpoved\u00e1 za \u017eiadne pr\u00e1vne ani faktick\u00e9 vady Doplnku, rovnako tak nezodpoved\u00e1 za ak\u00fako\u013evek \u0161kodu \u010di in\u00fa ujmu vzniknut\u00fa z&nbsp;d\u00f4vodu poru\u0161enia z\u00e1v\u00e4zkov Poskytovate\u013ea vypl\u00fdvaj\u00facich zo Zmluvy alebo z&nbsp;t\u00fdchto obchodn\u00fdch podmienok. Shoptet nezodpoved\u00e1 ani za \u00farove\u0148 dostupnosti Doplnku, jeho aktu\u00e1lnu \u010di bud\u00facu kompatibilitu ani za zhodu popisu funkcional\u00edt Doplnku so skuto\u010dnou funkcionalitou Doplnku.<\/li>\n<\/ul>\n\n\n\n<h4 class=\"wp-block-heading\">7. Pr\u00e1vny re\u017eim, rie\u0161enie sporov<\/h4>\n\n\n\n<ul class=\"wp-block-list\">\n<li>Zmluvn\u00fd vz\u0165ah sa riadi pr\u00e1vnym poriadkom \u010ceskej republiky.<\/li>\n\n\n\n<li>Pokia\u013e zmluva obsahuje medzin\u00e1rodn\u00fd prvok, zmluvn\u00e9 strany sa dohodli, \u017ee sa bude riadi\u0165 \u010desk\u00fdm pr\u00e1vom.<\/li>\n\n\n\n<li>Zmluvn\u00e9 strany sa zav\u00e4zuj\u00fa rie\u0161i\u0165 spory prednostne zmierom.<\/li>\n<\/ul>\n\n\n\n<h4 class=\"wp-block-heading\">8. Z\u00e1vere\u010dn\u00e9 ustanovenia<\/h4>\n\n\n\n<ul class=\"wp-block-list\">\n<li>Poskytovate\u013e na&nbsp;z\u00e1klade t\u00fdchto obchodn\u00fdch podmienok poskytuje U\u017e\u00edvate\u013eovi na&nbsp;pou\u017e\u00edvanie Doplnok a&nbsp;v\u0161etky slu\u017eby s&nbsp;n\u00edm spojen\u00e9.<\/li>\n\n\n\n<li>Poskytovate\u013e poskytuje Doplnok U\u017e\u00edvate\u013eovi na&nbsp;vlastn\u00fd \u00fa\u010det a&nbsp;zodpovednos\u0165. Shoptet nie je poskytovate\u013eom Doplnku a&nbsp;nezodpoved\u00e1 za Doplnok ani jeho obsah.<\/li>\n\n\n\n<li>U\u017e\u00edvate\u013e t\u00fdmto berie na&nbsp;vedomie a&nbsp;v\u00fdslovne s\u00fahlas\u00ed s&nbsp;t\u00fdm, \u017ee vo vz\u0165ahu k&nbsp;Doplnku Shoptet nem\u00e1 povinnos\u0165 poskytova\u0165 ak\u00e9ko\u013evek slu\u017eby podpory alebo \u00fadr\u017eby a&nbsp;nenesie zodpovednos\u0165 za vyporiadanie n\u00e1rokov U\u017e\u00edvate\u013ea alebo akejko\u013evek tretej strany vo vz\u0165ahu k&nbsp;Poskytovate\u013eovi a\/alebo Poskytovate\u013eom prev\u00e1dzkovan\u00e9mu Doplnku, \u010di u\u017e vypl\u00fdvaj\u00fa zo zodpovednosti za vady, sp\u00f4sobenej \u0161kody alebo poru\u0161enia pr\u00e1vnych predpisov, najm\u00e4 v&nbsp;oblasti sprac\u00favania osobn\u00fdch \u00fadajov alebo in\u00fdch pr\u00e1v.<\/li>\n\n\n\n<li>Aktu\u00e1lna verzia t\u00fdchto VOP je v\u017edy zverejnen\u00e1 na&nbsp;str\u00e1nke Poskytovate\u013ea.<\/li>\n\n\n\n<li>Pou\u017e\u00edvate\u013e preber\u00e1 riziko zmeny okolnost\u00ed v&nbsp;zmysle \u00a7 1765 ods. 2 ob\u010dianskeho z\u00e1konn\u00edka.<\/li>\n\n\n\n<li><\/li>\n<\/ul>\n\n\n\n<p>Vyhotoven\u00e9 v&nbsp;Ko\u0161iciach, d\u0148a 3.&nbsp;8.&nbsp;2025<br>Jakub Gr\u00e1c \u2013 JG-Media.eu<\/p>","protected":false},"excerpt":{"rendered":"<p>Omlouv\u00e1me se, tato polo\u017eka je k&nbsp;dispozici pouze v&nbsp;Sloven\u010dina. V\u0161eobecn\u00e9 obchodn\u00e9 podmienky k&nbsp;pou\u017e\u00edvaniu Shoptet \u0161abl\u00f3ny Elevate 1.&nbsp;\u00davodn\u00e9 ustanovenia Poskytovate\u013eom Shoptet doplnku je:Jakub Gr\u00e1c \u2013 JG-Media.euI\u010cO: 47920793S\u00eddlo: Mieru 19 \/ 19, 044&nbsp;24 Popro\u010dEmail: grac.jakub@jg-media.eu(\u010falej len \u201ePoskytovate\u013e\u201c) Defin\u00edcia z\u00e1kladn\u00fdch pojmov: Doplnok &#8211; rie\u0161enie, prostredn\u00edctvom ktor\u00e9ho je mo\u017en\u00e9 prepoji\u0165 Shoptet s&nbsp;extern\u00fdmi slu\u017ebami. Produktov\u00e1 str\u00e1nka &#8211; internetov\u00e1 str\u00e1nka [&hellip;]<\/p>\n","protected":false},"author":1,"featured_media":0,"parent":0,"menu_order":0,"comment_status":"closed","ping_status":"closed","template":"","meta":{"_acf_changed":false,"footnotes":""},"class_list":["post-6088","page","type-page","status-publish","hentry"],"blocksy_meta":{"has_hero_section":"disabled","styles_descriptor":{"styles":{"desktop":"","tablet":"","mobile":""},"google_fonts":[],"version":6}},"acf":[],"_links":{"self":[{"href":"https:\/\/www.jg-media.eu\/cs\/wp-json\/wp\/v2\/pages\/6088","targetHints":{"allow":["GET"]}}],"collection":[{"href":"https:\/\/www.jg-media.eu\/cs\/wp-json\/wp\/v2\/pages"}],"about":[{"href":"https:\/\/www.jg-media.eu\/cs\/wp-json\/wp\/v2\/types\/page"}],"author":[{"embeddable":true,"href":"https:\/\/www.jg-media.eu\/cs\/wp-json\/wp\/v2\/users\/1"}],"replies":[{"embeddable":true,"href":"https:\/\/www.jg-media.eu\/cs\/wp-json\/wp\/v2\/comments?post=6088"}],"version-history":[{"count":9,"href":"https:\/\/www.jg-media.eu\/cs\/wp-json\/wp\/v2\/pages\/6088\/revisions"}],"predecessor-version":[{"id":6970,"href":"https:\/\/www.jg-media.eu\/cs\/wp-json\/wp\/v2\/pages\/6088\/revisions\/6970"}],"wp:attachment":[{"href":"https:\/\/www.jg-media.eu\/cs\/wp-json\/wp\/v2\/media?parent=6088"}],"curies":[{"name":"wp","href":"https:\/\/api.w.org\/{rel}","templated":true}]}}